{"id":1712,"date":"2022-07-26T07:51:31","date_gmt":"2022-07-26T05:51:31","guid":{"rendered":"https:\/\/konobamarul.hr\/booking\/"},"modified":"2024-03-18T11:03:41","modified_gmt":"2024-03-18T10:03:41","slug":"booking","status":"publish","type":"page","link":"https:\/\/konobamarul.hr\/en\/booking\/","title":{"rendered":"Booking"},"content":{"rendered":"\t\t<div data-elementor-type=\"wp-page\" data-elementor-id=\"1712\" class=\"elementor elementor-1712 elementor-833\">\n\t\t\t\t\t\t<section class=\"elementor-section elementor-top-section elementor-element elementor-element-3baa0bc pt-section-content-fullwidth elementor-section-boxed elementor-section-height-default elementor-section-height-default\" data-id=\"3baa0bc\" data-element_type=\"section\" data-settings=\"{&quot;background_background&quot;:&quot;classic&quot;}\">\n\t\t\t\t\t\t\t<div class=\"elementor-background-overlay\"><\/div>\n\t\t\t\t\t\t\t<div class=\"elementor-container elementor-column-gap-no\">\n\t\t\t\t\t<div class=\"elementor-column elementor-col-100 elementor-top-column elementor-element elementor-element-6bfdcc8\" data-id=\"6bfdcc8\" data-element_type=\"column\">\n\t\t\t<div class=\"elementor-widget-wrap elementor-element-populated\">\n\t\t\t\t\t\t<div class=\"elementor-element elementor-element-f337184 elementor-widget elementor-widget-pt_title\" data-id=\"f337184\" data-element_type=\"widget\" data-widget_type=\"pt_title.default\">\n\t\t\t\t<div class=\"elementor-widget-container\">\n\t\t\t\n        <div class=\"pt-title-wrap text-center\">\t            <h1 class=\"pt-title\">\n\t                RESERVATIONS\t            <\/h1>        <\/div>\t\t<\/div>\n\t\t\t\t<\/div>\n\t\t\t\t<section class=\"elementor-section elementor-inner-section elementor-element elementor-element-c70928c elementor-section-boxed elementor-section-height-default elementor-section-height-default\" data-id=\"c70928c\" data-element_type=\"section\">\n\t\t\t\t\t\t<div class=\"elementor-container elementor-column-gap-no\">\n\t\t\t\t\t<div class=\"elementor-column elementor-col-100 elementor-inner-column elementor-element elementor-element-5b597ba\" data-id=\"5b597ba\" data-element_type=\"column\">\n\t\t\t<div class=\"elementor-widget-wrap elementor-element-populated\">\n\t\t\t\t\t\t<div class=\"elementor-element elementor-element-bd1bcd0 elementor-widget__width-auto elementor-view-default elementor-widget elementor-widget-icon\" data-id=\"bd1bcd0\" data-element_type=\"widget\" data-widget_type=\"icon.default\">\n\t\t\t\t<div class=\"elementor-widget-container\">\n\t\t\t\t\t<div class=\"elementor-icon-wrapper\">\n\t\t\t<div class=\"elementor-icon\">\n\t\t\t<svg aria-hidden=\"true\" class=\"e-font-icon-svg e-fas-star\" viewBox=\"0 0 576 512\" xmlns=\"http:\/\/www.w3.org\/2000\/svg\"><path d=\"M259.3 17.8L194 150.2 47.9 171.5c-26.2 3.8-36.7 36.1-17.7 54.6l105.7 103-25 145.5c-4.5 26.3 23.2 46 46.4 33.7L288 439.6l130.7 68.7c23.2 12.2 50.9-7.4 46.4-33.7l-25-145.5 105.7-103c19-18.5 8.5-50.8-17.7-54.6L382 150.2 316.7 17.8c-11.7-23.6-45.6-23.9-57.4 0z\"><\/path><\/svg>\t\t\t<\/div>\n\t\t<\/div>\n\t\t\t\t<\/div>\n\t\t\t\t<\/div>\n\t\t\t\t<div class=\"elementor-element elementor-element-0df7225 elementor-widget__width-auto elementor-view-default elementor-widget elementor-widget-icon\" data-id=\"0df7225\" data-element_type=\"widget\" data-widget_type=\"icon.default\">\n\t\t\t\t<div class=\"elementor-widget-container\">\n\t\t\t\t\t<div class=\"elementor-icon-wrapper\">\n\t\t\t<div class=\"elementor-icon\">\n\t\t\t<svg aria-hidden=\"true\" class=\"e-font-icon-svg e-fas-star\" viewBox=\"0 0 576 512\" xmlns=\"http:\/\/www.w3.org\/2000\/svg\"><path d=\"M259.3 17.8L194 150.2 47.9 171.5c-26.2 3.8-36.7 36.1-17.7 54.6l105.7 103-25 145.5c-4.5 26.3 23.2 46 46.4 33.7L288 439.6l130.7 68.7c23.2 12.2 50.9-7.4 46.4-33.7l-25-145.5 105.7-103c19-18.5 8.5-50.8-17.7-54.6L382 150.2 316.7 17.8c-11.7-23.6-45.6-23.9-57.4 0z\"><\/path><\/svg>\t\t\t<\/div>\n\t\t<\/div>\n\t\t\t\t<\/div>\n\t\t\t\t<\/div>\n\t\t\t\t<div class=\"elementor-element elementor-element-e2e4522 elementor-widget__width-auto elementor-view-default elementor-widget elementor-widget-icon\" data-id=\"e2e4522\" data-element_type=\"widget\" data-widget_type=\"icon.default\">\n\t\t\t\t<div class=\"elementor-widget-container\">\n\t\t\t\t\t<div class=\"elementor-icon-wrapper\">\n\t\t\t<div class=\"elementor-icon\">\n\t\t\t<svg aria-hidden=\"true\" class=\"e-font-icon-svg e-fas-star\" viewBox=\"0 0 576 512\" xmlns=\"http:\/\/www.w3.org\/2000\/svg\"><path d=\"M259.3 17.8L194 150.2 47.9 171.5c-26.2 3.8-36.7 36.1-17.7 54.6l105.7 103-25 145.5c-4.5 26.3 23.2 46 46.4 33.7L288 439.6l130.7 68.7c23.2 12.2 50.9-7.4 46.4-33.7l-25-145.5 105.7-103c19-18.5 8.5-50.8-17.7-54.6L382 150.2 316.7 17.8c-11.7-23.6-45.6-23.9-57.4 0z\"><\/path><\/svg>\t\t\t<\/div>\n\t\t<\/div>\n\t\t\t\t<\/div>\n\t\t\t\t<\/div>\n\t\t\t\t\t<\/div>\n\t\t<\/div>\n\t\t\t\t\t<\/div>\n\t\t<\/section>\n\t\t\t\t<div class=\"elementor-element elementor-element-5c56dfd elementor-widget elementor-widget-pt_title\" data-id=\"5c56dfd\" data-element_type=\"widget\" data-widget_type=\"pt_title.default\">\n\t\t\t\t<div class=\"elementor-widget-container\">\n\t\t\t\n        <div class=\"pt-title-wrap text-center\">\t            <div class=\"pt-title-text\">\n\t                <p>Reservation via the online form below or by calling <a href=\"tel:+38521339068\">+385 21 339 068<\/a><\/p>\n\t            <\/div>        <\/div>\t\t<\/div>\n\t\t\t\t<\/div>\n\t\t\t\t\t<\/div>\n\t\t<\/div>\n\t\t\t\t\t<\/div>\n\t\t<\/section>\n\t\t\t\t<section class=\"elementor-section elementor-top-section elementor-element elementor-element-8eda64c elementor-section-boxed elementor-section-height-default elementor-section-height-default\" data-id=\"8eda64c\" data-element_type=\"section\">\n\t\t\t\t\t\t<div class=\"elementor-container elementor-column-gap-no\">\n\t\t\t\t\t<div class=\"elementor-column elementor-col-50 elementor-top-column elementor-element elementor-element-71e138a\" data-id=\"71e138a\" data-element_type=\"column\" data-settings=\"{&quot;background_background&quot;:&quot;classic&quot;}\">\n\t\t\t<div class=\"elementor-widget-wrap elementor-element-populated\">\n\t\t\t\t\t<div class=\"elementor-background-overlay\"><\/div>\n\t\t\t\t\t\t<div class=\"elementor-element elementor-element-a749d38 elementor-widget elementor-widget-pt_title\" data-id=\"a749d38\" data-element_type=\"widget\" data-widget_type=\"pt_title.default\">\n\t\t\t\t<div class=\"elementor-widget-container\">\n\t\t\t\n        <div class=\"pt-title-wrap text-left\">\t            <div class=\"pt-title-text\">\n\t                <p>When making an online reservation, select the desired date and time, and we will confirm your reservation within 24 hours via e-mail.<\/p>\n<p><strong>Welcome!<\/strong><\/p>\n\t            <\/div>        <\/div>\t\t<\/div>\n\t\t\t\t<\/div>\n\t\t\t\t\t<\/div>\n\t\t<\/div>\n\t\t\t\t<div class=\"elementor-column elementor-col-50 elementor-top-column elementor-element elementor-element-379342b\" data-id=\"379342b\" data-element_type=\"column\" data-settings=\"{&quot;background_background&quot;:&quot;classic&quot;}\">\n\t\t\t<div class=\"elementor-widget-wrap elementor-element-populated\">\n\t\t\t\t\t<div class=\"elementor-background-overlay\"><\/div>\n\t\t\t\t\t\t<div class=\"elementor-element elementor-element-90bbc17 elementor-widget elementor-widget-pt_form_cf7\" data-id=\"90bbc17\" data-element_type=\"widget\" data-widget_type=\"pt_form_cf7.default\">\n\t\t\t\t<div class=\"elementor-widget-container\">\n\t\t\t            <div class=\"pt-form-cf7 placeholder-normal\">\n                <div class=\"pt-form-cf7-wrap\">\n<div class=\"wpcf7 no-js\" id=\"wpcf7-f1736-o1\" lang=\"en-US\" dir=\"ltr\">\n<div class=\"screen-reader-response\"><p role=\"status\" aria-live=\"polite\" aria-atomic=\"true\"><\/p> <ul><\/ul><\/div>\n<form action=\"\/en\/wp-json\/wp\/v2\/pages\/1712#wpcf7-f1736-o1\" method=\"post\" class=\"wpcf7-form init\" aria-label=\"Contact form\" novalidate=\"novalidate\" data-status=\"init\">\n<div style=\"display: none;\">\n<input type=\"hidden\" name=\"_wpcf7\" value=\"1736\" \/>\n<input type=\"hidden\" name=\"_wpcf7_version\" value=\"5.9\" \/>\n<input type=\"hidden\" name=\"_wpcf7_locale\" value=\"en_US\" \/>\n<input type=\"hidden\" name=\"_wpcf7_unit_tag\" value=\"wpcf7-f1736-o1\" \/>\n<input type=\"hidden\" name=\"_wpcf7_container_post\" value=\"0\" \/>\n<input type=\"hidden\" name=\"_wpcf7_posted_data_hash\" value=\"\" \/>\n<input type=\"hidden\" name=\"_wpcf7cf_hidden_group_fields\" value=\"[]\" \/>\n<input type=\"hidden\" name=\"_wpcf7cf_hidden_groups\" value=\"[]\" \/>\n<input type=\"hidden\" name=\"_wpcf7cf_visible_groups\" value=\"[]\" \/>\n<input type=\"hidden\" name=\"_wpcf7cf_repeaters\" value=\"[]\" \/>\n<input type=\"hidden\" name=\"_wpcf7cf_steps\" value=\"{}\" \/>\n<input type=\"hidden\" name=\"_wpcf7cf_options\" value=\"{&quot;form_id&quot;:1736,&quot;conditions&quot;:[],&quot;settings&quot;:{&quot;animation&quot;:&quot;yes&quot;,&quot;animation_intime&quot;:200,&quot;animation_outtime&quot;:200,&quot;conditions_ui&quot;:&quot;normal&quot;,&quot;notice_dismissed&quot;:false,&quot;notice_dismissed_rollback-cf7-5.8.7&quot;:true}}\" \/>\n<\/div>\n<p><label> Your name* <span class=\"wpcf7-form-control-wrap\" data-name=\"your-name\"><input size=\"40\" class=\"wpcf7-form-control wpcf7-text wpcf7-validates-as-required\" aria-required=\"true\" aria-invalid=\"false\" value=\"\" type=\"text\" name=\"your-name\" \/><\/span> <\/label>\n<\/p>\n<p><label> Your E-mail* <span class=\"wpcf7-form-control-wrap\" data-name=\"your-email\"><input size=\"40\" class=\"wpcf7-form-control wpcf7-email wpcf7-validates-as-required wpcf7-text wpcf7-validates-as-email\" aria-required=\"true\" aria-invalid=\"false\" value=\"\" type=\"email\" name=\"your-email\" \/><\/span> <\/label>\n<\/p>\n<p><label> Phone* <span class=\"wpcf7-form-control-wrap\" data-name=\"telephone\"><input size=\"40\" class=\"wpcf7-form-control wpcf7-tel wpcf7-validates-as-required wpcf7-text wpcf7-validates-as-tel\" aria-required=\"true\" aria-invalid=\"false\" value=\"\" type=\"tel\" name=\"telephone\" \/><\/span> <\/label>\n<\/p>\n<p><label> Date* <span class=\"wpcf7-form-control-wrap\" data-name=\"the-date\"><input class=\"wpcf7-form-control wpcf7-date wpcf7-validates-as-required wpcf7-validates-as-date\" aria-required=\"true\" aria-invalid=\"false\" value=\"\" type=\"date\" name=\"the-date\" \/><\/span><\/label>\n<\/p>\n<div data-id=\"group-84\" data-orig_data_id=\"group-84\"  data-class=\"wpcf7cf_group\">\n\t<p><span class=\"rezervirano\">Reservations for the selected date are not possible.<\/span>\n\t<\/p>\n<\/div>\n<p><label for=\"thetime\"> Time*<br \/>\n<span class=\"wpcf7-form-control-wrap\" data-name=\"vrijeme-rezervacije\"><select class=\"wpcf7-form-control wpcf7-select wpcf7-validates-as-required\" aria-required=\"true\" aria-invalid=\"false\" name=\"vrijeme-rezervacije\"><option value=\"\">&#8212;Please choose an option&#8212;<\/option><option value=\"08:00\">08:00<\/option><option value=\"08:30\">08:30<\/option><option value=\"09:00\">09:00<\/option><option value=\"09:30\">09:30<\/option><option value=\"10:00\">10:00<\/option><option value=\"10:30\">10:30<\/option><option value=\"11:00\">11:00<\/option><option value=\"11:30\">11:30<\/option><option value=\"12:00\">12:00<\/option><option value=\"12:30\">12:30<\/option><option value=\"13:00\">13:00<\/option><option value=\"13:30\">13:30<\/option><option value=\"14:00\">14:00<\/option><option value=\"14:30\">14:30<\/option><option value=\"15:00\">15:00<\/option><option value=\"15:30\">15:30<\/option><option value=\"16:00\">16:00<\/option><option value=\"16:30\">16:30<\/option><option value=\"17:00\">17:00<\/option><option value=\"17:30\">17:30<\/option><option value=\"18:00\">18:00<\/option><option value=\"18:30\">18:30<\/option><option value=\"19:00\">19:00<\/option><option value=\"19:30\">19:30<\/option><option value=\"20:00\">20:00<\/option><option value=\"20:30\">20:30<\/option><option value=\"21:00\">21:00<\/option><option value=\"21:30\">21:30<\/option><option value=\"22:00\">22:00<\/option><option value=\"22:30\">22:30<\/option><\/select><\/span><\/label>\n<\/p>\n<p><label> Number of persons* <span class=\"wpcf7-form-control-wrap\" data-name=\"number-people\"><input class=\"wpcf7-form-control wpcf7-number wpcf7-validates-as-number\" min=\"1\" max=\"200\" aria-invalid=\"false\" value=\"\" type=\"number\" name=\"number-people\" \/><\/span><\/label>\n<\/p>\n<p><label> Your message* <span class=\"wpcf7-form-control-wrap\" data-name=\"your-message\"><textarea cols=\"40\" rows=\"10\" class=\"wpcf7-form-control wpcf7-textarea wpcf7-validates-as-required\" aria-required=\"true\" aria-invalid=\"false\" name=\"your-message\"><\/textarea><\/span> <\/label>\n<\/p>\n<p><input class=\"wpcf7-form-control wpcf7-submit has-spinner\" type=\"submit\" value=\"Send\" \/>\n<\/p><div class=\"wpcf7-response-output\" aria-hidden=\"true\"><\/div>\n<\/form>\n<\/div>\n<\/div>\n            <\/div>\t\t<\/div>\n\t\t\t\t<\/div>\n\t\t\t\t\t<\/div>\n\t\t<\/div>\n\t\t\t\t\t<\/div>\n\t\t<\/section>\n\t\t\t\t<\/div>\n\t\t","protected":false},"excerpt":{"rendered":"<p>RESERVATIONS Reservation via the online form below or by calling +385 21 339 068 When making an online reservation, select the desired date and time, and we will confirm your reservation within 24 hours via e-mail. Welcome! Va\u0161e ime* Va\u0161 E-mail* Telefon* Datum* Rezervacije za odabrani datum nisu mogu\u0107e. Vrijeme* &#8212;Molimo odaberite jednu opciju&#8212;08:0008:3009:0009:3010:0010:3011:0011:3012:0012:3013:0013:3014:0014:3015:0015:3016:0016:3017:0017:3018:0018:3019:0019:3020:0020:3021:0021:3022:0022:30 Broj &#8230;<\/p>\n","protected":false},"author":1,"featured_media":0,"parent":0,"menu_order":0,"comment_status":"closed","ping_status":"closed","template":"template-wide-content.php","meta":{"patiotime_single_page_hide_site_header":"","patiotime_single_page_site_header_source":"","patiotime_single_page_custom_site_header":"0","patiotime_single_page_custom_sticky_site_header":"0","patiotime_single_page_hide_page_title":"on","patiotime_single_page_header_section_size":"","patiotime_single_page_header_background_color":"","patiotime_single_page_header_background_position_x":"center","patiotime_single_page_header_background_position_y":"center","patiotime_single_page_header_background_size":"cover","patiotime_single_page_header_background_repeat":"off","patiotime_single_page_header_background_scroll":"on","patiotime_single_page_header_text_color":"","patiotime_single_page_header_show_breadcrumb":"","patiotime_single_page_site_footer_hide_main":"","patiotime_single_custom_site_footer_main_source":"","patiotime_single_custom_site_footer_main":"0","patiotime_single_page_site_footer_hide_above":"","patiotime_single_custom_site_footer_above_source":"","patiotime_single_custom_site_footer_above":"0","patiotime_single_page_site_footer_hide_instagram":"","patiotime_single_page_site_footer_hide_bottom":"","patiotime_single_custom_mobile_menu_source":"","patiotime_single_custom_mobile_menu":"0","patiotime_single_custom_mobile_menu_animation":"","patiotime_single_custom_mobile_menu_width":"","patiotime_single_custom_mobile_menu_custom_width":375,"footnotes":""},"class_list":["post-1712","page","type-page","status-publish","hentry"],"yoast_head":"<!-- This site is optimized with the Yoast SEO plugin v22.1 - https:\/\/yoast.com\/wordpress\/plugins\/seo\/ -->\n<title>Booking - Restaurant Split - Traditional Dalmatian dishes - Tavern Marul<\/title>\n<meta name=\"description\" content=\"Reservation via the web or phone. We will confirm your reservation within 24 hours via e-mail. Tavern in Split with traditional food\" \/>\n<meta name=\"robots\" content=\"index, follow, max-snippet:-1, max-image-preview:large, max-video-preview:-1\" \/>\n<link rel=\"canonical\" href=\"https:\/\/konobamarul.hr\/en\/booking\/\" \/>\n<meta property=\"og:locale\" content=\"en_US\" \/>\n<meta property=\"og:type\" content=\"article\" \/>\n<meta property=\"og:title\" content=\"Booking - Restaurant Split - Traditional Dalmatian dishes - Tavern Marul\" \/>\n<meta property=\"og:description\" content=\"Reservation via the web or phone. We will confirm your reservation within 24 hours via e-mail. Tavern in Split with traditional food\" \/>\n<meta property=\"og:url\" content=\"https:\/\/konobamarul.hr\/en\/booking\/\" \/>\n<meta property=\"og:site_name\" content=\"Tavern Marul\" \/>\n<meta property=\"article:publisher\" content=\"https:\/\/www.facebook.com\/MarulKonoba\" \/>\n<meta property=\"article:modified_time\" content=\"2024-03-18T10:03:41+00:00\" \/>\n<meta name=\"twitter:card\" content=\"summary_large_image\" \/>\n<meta name=\"twitter:label1\" content=\"Est. reading time\" \/>\n\t<meta name=\"twitter:data1\" content=\"1 minute\" \/>\n<script type=\"application\/ld+json\" class=\"yoast-schema-graph\">{\"@context\":\"https:\/\/schema.org\",\"@graph\":[{\"@type\":\"WebPage\",\"@id\":\"https:\/\/konobamarul.hr\/en\/booking\/\",\"url\":\"https:\/\/konobamarul.hr\/en\/booking\/\",\"name\":\"Booking - Restaurant Split - Traditional Dalmatian dishes - Tavern Marul\",\"isPartOf\":{\"@id\":\"https:\/\/konobamarul.hr\/en\/#website\"},\"datePublished\":\"2022-07-26T05:51:31+00:00\",\"dateModified\":\"2024-03-18T10:03:41+00:00\",\"description\":\"Reservation via the web or phone. We will confirm your reservation within 24 hours via e-mail. Tavern in Split with traditional food\",\"breadcrumb\":{\"@id\":\"https:\/\/konobamarul.hr\/en\/booking\/#breadcrumb\"},\"inLanguage\":\"en-US\",\"potentialAction\":[{\"@type\":\"ReadAction\",\"target\":[\"https:\/\/konobamarul.hr\/en\/booking\/\"]}]},{\"@type\":\"BreadcrumbList\",\"@id\":\"https:\/\/konobamarul.hr\/en\/booking\/#breadcrumb\",\"itemListElement\":[{\"@type\":\"ListItem\",\"position\":1,\"name\":\"Home\",\"item\":\"https:\/\/konobamarul.hr\/en\/\"},{\"@type\":\"ListItem\",\"position\":2,\"name\":\"Booking\"}]},{\"@type\":\"WebSite\",\"@id\":\"https:\/\/konobamarul.hr\/en\/#website\",\"url\":\"https:\/\/konobamarul.hr\/en\/\",\"name\":\"Konoba Marul\",\"description\":\"The best Dalmatian food in Split!\",\"publisher\":{\"@id\":\"https:\/\/konobamarul.hr\/en\/#organization\"},\"potentialAction\":[{\"@type\":\"SearchAction\",\"target\":{\"@type\":\"EntryPoint\",\"urlTemplate\":\"https:\/\/konobamarul.hr\/en\/?s={search_term_string}\"},\"query-input\":\"required name=search_term_string\"}],\"inLanguage\":\"en-US\"},{\"@type\":\"Organization\",\"@id\":\"https:\/\/konobamarul.hr\/en\/#organization\",\"name\":\"Konoba Marul\",\"url\":\"https:\/\/konobamarul.hr\/en\/\",\"logo\":{\"@type\":\"ImageObject\",\"inLanguage\":\"en-US\",\"@id\":\"https:\/\/konobamarul.hr\/en\/#\/schema\/logo\/image\/\",\"url\":\"https:\/\/konobamarul.hr\/wp-content\/uploads\/2024\/01\/marul-web-icon.png\",\"contentUrl\":\"https:\/\/konobamarul.hr\/wp-content\/uploads\/2024\/01\/marul-web-icon.png\",\"width\":513,\"height\":512,\"caption\":\"Konoba Marul\"},\"image\":{\"@id\":\"https:\/\/konobamarul.hr\/en\/#\/schema\/logo\/image\/\"},\"sameAs\":[\"https:\/\/www.facebook.com\/MarulKonoba\",\"https:\/\/www.instagram.com\/marulkonoba\/\",\"https:\/\/www.tripadvisor.com\/Restaurant_Review-g295370-d1553501-Reviews-Konoba_Marul-Split_Split_Dalmatia_County_Dalmatia.html\"]}]}<\/script>\n<!-- \/ Yoast SEO plugin. -->","yoast_head_json":{"title":"Booking - Restaurant Split - Traditional Dalmatian dishes - Tavern Marul","description":"Reservation via the web or phone. We will confirm your reservation within 24 hours via e-mail. Tavern in Split with traditional food","robots":{"index":"index","follow":"follow","max-snippet":"max-snippet:-1","max-image-preview":"max-image-preview:large","max-video-preview":"max-video-preview:-1"},"canonical":"https:\/\/konobamarul.hr\/en\/booking\/","og_locale":"en_US","og_type":"article","og_title":"Booking - Restaurant Split - Traditional Dalmatian dishes - Tavern Marul","og_description":"Reservation via the web or phone. We will confirm your reservation within 24 hours via e-mail. Tavern in Split with traditional food","og_url":"https:\/\/konobamarul.hr\/en\/booking\/","og_site_name":"Tavern Marul","article_publisher":"https:\/\/www.facebook.com\/MarulKonoba","article_modified_time":"2024-03-18T10:03:41+00:00","twitter_card":"summary_large_image","twitter_misc":{"Est. reading time":"1 minute"},"schema":{"@context":"https:\/\/schema.org","@graph":[{"@type":"WebPage","@id":"https:\/\/konobamarul.hr\/en\/booking\/","url":"https:\/\/konobamarul.hr\/en\/booking\/","name":"Booking - Restaurant Split - Traditional Dalmatian dishes - Tavern Marul","isPartOf":{"@id":"https:\/\/konobamarul.hr\/en\/#website"},"datePublished":"2022-07-26T05:51:31+00:00","dateModified":"2024-03-18T10:03:41+00:00","description":"Reservation via the web or phone. We will confirm your reservation within 24 hours via e-mail. Tavern in Split with traditional food","breadcrumb":{"@id":"https:\/\/konobamarul.hr\/en\/booking\/#breadcrumb"},"inLanguage":"en-US","potentialAction":[{"@type":"ReadAction","target":["https:\/\/konobamarul.hr\/en\/booking\/"]}]},{"@type":"BreadcrumbList","@id":"https:\/\/konobamarul.hr\/en\/booking\/#breadcrumb","itemListElement":[{"@type":"ListItem","position":1,"name":"Home","item":"https:\/\/konobamarul.hr\/en\/"},{"@type":"ListItem","position":2,"name":"Booking"}]},{"@type":"WebSite","@id":"https:\/\/konobamarul.hr\/en\/#website","url":"https:\/\/konobamarul.hr\/en\/","name":"Konoba Marul","description":"The best Dalmatian food in Split!","publisher":{"@id":"https:\/\/konobamarul.hr\/en\/#organization"},"potentialAction":[{"@type":"SearchAction","target":{"@type":"EntryPoint","urlTemplate":"https:\/\/konobamarul.hr\/en\/?s={search_term_string}"},"query-input":"required name=search_term_string"}],"inLanguage":"en-US"},{"@type":"Organization","@id":"https:\/\/konobamarul.hr\/en\/#organization","name":"Konoba Marul","url":"https:\/\/konobamarul.hr\/en\/","logo":{"@type":"ImageObject","inLanguage":"en-US","@id":"https:\/\/konobamarul.hr\/en\/#\/schema\/logo\/image\/","url":"https:\/\/konobamarul.hr\/wp-content\/uploads\/2024\/01\/marul-web-icon.png","contentUrl":"https:\/\/konobamarul.hr\/wp-content\/uploads\/2024\/01\/marul-web-icon.png","width":513,"height":512,"caption":"Konoba Marul"},"image":{"@id":"https:\/\/konobamarul.hr\/en\/#\/schema\/logo\/image\/"},"sameAs":["https:\/\/www.facebook.com\/MarulKonoba","https:\/\/www.instagram.com\/marulkonoba\/","https:\/\/www.tripadvisor.com\/Restaurant_Review-g295370-d1553501-Reviews-Konoba_Marul-Split_Split_Dalmatia_County_Dalmatia.html"]}]}},"_links":{"self":[{"href":"https:\/\/konobamarul.hr\/en\/wp-json\/wp\/v2\/pages\/1712","targetHints":{"allow":["GET"]}}],"collection":[{"href":"https:\/\/konobamarul.hr\/en\/wp-json\/wp\/v2\/pages"}],"about":[{"href":"https:\/\/konobamarul.hr\/en\/wp-json\/wp\/v2\/types\/page"}],"author":[{"embeddable":true,"href":"https:\/\/konobamarul.hr\/en\/wp-json\/wp\/v2\/users\/1"}],"replies":[{"embeddable":true,"href":"https:\/\/konobamarul.hr\/en\/wp-json\/wp\/v2\/comments?post=1712"}],"version-history":[{"count":2,"href":"https:\/\/konobamarul.hr\/en\/wp-json\/wp\/v2\/pages\/1712\/revisions"}],"predecessor-version":[{"id":1721,"href":"https:\/\/konobamarul.hr\/en\/wp-json\/wp\/v2\/pages\/1712\/revisions\/1721"}],"wp:attachment":[{"href":"https:\/\/konobamarul.hr\/en\/wp-json\/wp\/v2\/media?parent=1712"}],"curies":[{"name":"wp","href":"https:\/\/api.w.org\/{rel}","templated":true}]}}