{"id":1714,"date":"2022-07-21T03:57:09","date_gmt":"2022-07-21T01:57:09","guid":{"rendered":"https:\/\/konobamarul.hr\/news\/"},"modified":"2024-03-18T11:04:02","modified_gmt":"2024-03-18T10:04:02","slug":"news","status":"publish","type":"page","link":"https:\/\/konobamarul.hr\/en\/news\/","title":{"rendered":"News"},"content":{"rendered":"\t\t<div data-elementor-type=\"wp-page\" data-elementor-id=\"1714\" class=\"elementor elementor-1714 elementor-25\">\n\t\t\t\t\t\t<section class=\"elementor-section elementor-top-section elementor-element elementor-element-7901356 pt-section-content-fullwidth pt-parallax-on-scroll pt_scroll_y_180 elementor-section-boxed elementor-section-height-default elementor-section-height-default\" data-id=\"7901356\" data-element_type=\"section\" data-settings=\"{&quot;background_background&quot;:&quot;classic&quot;}\" data-pt-parallax-y=\"180\" style=\"background-image: none;\" data-pt-background-image=\"https:\/\/konobamarul.hr\/wp-content\/uploads\/2024\/01\/konoba-marul-novosti.webp\">\n\t\t\t\t\t\t\t<div class=\"elementor-background-overlay\"><\/div>\n\t\t\t\t\t\t\t<div class=\"elementor-container elementor-column-gap-no\">\n\t\t\t\t\t<div class=\"elementor-column elementor-col-100 elementor-top-column elementor-element elementor-element-6cab717\" data-id=\"6cab717\" data-element_type=\"column\">\n\t\t\t<div class=\"elementor-widget-wrap elementor-element-populated\">\n\t\t\t\t\t\t<div class=\"elementor-element elementor-element-56b2af5 elementor-widget elementor-widget-pt_title\" data-id=\"56b2af5\" data-element_type=\"widget\" data-widget_type=\"pt_title.default\">\n\t\t\t\t<div class=\"elementor-widget-container\">\n\t\t\t\n        <div class=\"pt-title-wrap text-center\">\t            <h2 class=\"pt-title\">\n\t                News\t            <\/h2>\t            <div class=\"pt-title-text\">\n\t                <h3>Follow the news about our tavern, food offers, and events on the Marul Tavern website.<\/h3>\n\t            <\/div>        <\/div>\t\t<\/div>\n\t\t\t\t<\/div>\n\t\t\t\t\t<\/div>\n\t\t<\/div>\n\t\t\t\t\t<\/div>\n\t\t<\/section>\n\t\t\t\t<section class=\"elementor-section elementor-top-section elementor-element elementor-element-92c617f elementor-section-boxed elementor-section-height-default elementor-section-height-default\" data-id=\"92c617f\" data-element_type=\"section\" data-settings=\"{&quot;background_background&quot;:&quot;classic&quot;}\">\n\t\t\t\t\t\t<div class=\"elementor-container elementor-column-gap-no\">\n\t\t\t\t\t<div class=\"elementor-column elementor-col-100 elementor-top-column elementor-element elementor-element-7a734a9\" data-id=\"7a734a9\" data-element_type=\"column\">\n\t\t\t<div class=\"elementor-widget-wrap elementor-element-populated\">\n\t\t\t\t\t\t\t<\/div>\n\t\t<\/div>\n\t\t\t\t\t<\/div>\n\t\t<\/section>\n\t\t\t\t<\/div>\n\t\t","protected":false},"excerpt":{"rendered":"<p>News Follow the news about our tavern, food offers, and events on the Marul Tavern website. 15\/01\/2024 Uncategorized @hr Tradicionalna dalmatinska jela u konobi Marul Tradicionalna dalmatinska jela obiluju autenti\u010dnim okusima koja odra\u017eavaju bogatstvo lokalnih sastojaka i kulturne ba\u0161tine. Svaki zalogaj postaje putovanje kroz \u010darobni svijet okusa. Tradicionalna dalmatinska jela &#8230; Read More 27\/07\/2022 Uncategorized &#8230;<\/p>\n","protected":false},"author":1,"featured_media":0,"parent":0,"menu_order":0,"comment_status":"closed","ping_status":"closed","template":"template-wide-content.php","meta":{"patiotime_single_page_hide_site_header":"","patiotime_single_page_site_header_source":"","patiotime_single_page_custom_site_header":"0","patiotime_single_page_custom_sticky_site_header":"0","patiotime_single_page_hide_page_title":"on","patiotime_single_page_header_section_size":"","patiotime_single_page_header_background_color":"","patiotime_single_page_header_background_position_x":"center","patiotime_single_page_header_background_position_y":"center","patiotime_single_page_header_background_size":"cover","patiotime_single_page_header_background_repeat":"off","patiotime_single_page_header_background_scroll":"on","patiotime_single_page_header_text_color":"","patiotime_single_page_header_show_breadcrumb":"","patiotime_single_page_site_footer_hide_main":"","patiotime_single_custom_site_footer_main_source":"","patiotime_single_custom_site_footer_main":"0","patiotime_single_page_site_footer_hide_above":"","patiotime_single_custom_site_footer_above_source":"","patiotime_single_custom_site_footer_above":"0","patiotime_single_page_site_footer_hide_instagram":"","patiotime_single_page_site_footer_hide_bottom":"","patiotime_single_custom_mobile_menu_source":"","patiotime_single_custom_mobile_menu":"0","patiotime_single_custom_mobile_menu_animation":"","patiotime_single_custom_mobile_menu_width":"","patiotime_single_custom_mobile_menu_custom_width":375,"footnotes":""},"class_list":["post-1714","page","type-page","status-publish","hentry"],"yoast_head":"<!-- This site is optimized with the Yoast SEO plugin v22.1 - https:\/\/yoast.com\/wordpress\/plugins\/seo\/ -->\n<title>News - Restaurant Split - The best tavern in Split - Tavern Marul<\/title>\n<meta name=\"description\" content=\"Follow the news about our tavern, food offers, and events on the Marul Tavern website. Traditional Dalmatian dishes. Restaurant in Split.\" \/>\n<meta name=\"robots\" content=\"index, follow, max-snippet:-1, max-image-preview:large, max-video-preview:-1\" \/>\n<link rel=\"canonical\" href=\"https:\/\/konobamarul.hr\/en\/news\/\" \/>\n<meta property=\"og:locale\" content=\"en_US\" \/>\n<meta property=\"og:type\" content=\"article\" \/>\n<meta property=\"og:title\" content=\"News - Restaurant Split - The best tavern in Split - Tavern Marul\" \/>\n<meta property=\"og:description\" content=\"Follow the news about our tavern, food offers, and events on the Marul Tavern website. Traditional Dalmatian dishes. Restaurant in Split.\" \/>\n<meta property=\"og:url\" content=\"https:\/\/konobamarul.hr\/en\/news\/\" \/>\n<meta property=\"og:site_name\" content=\"Tavern Marul\" \/>\n<meta property=\"article:publisher\" content=\"https:\/\/www.facebook.com\/MarulKonoba\" \/>\n<meta property=\"article:modified_time\" content=\"2024-03-18T10:04:02+00:00\" \/>\n<meta property=\"og:image\" content=\"https:\/\/konobamarul.hr\/wp-content\/uploads\/2024\/01\/Tradicionalna-dalmatinska-jela-konoba-Marul-Split-780x520.jpg\" \/>\n<meta name=\"twitter:card\" content=\"summary_large_image\" \/>\n<meta name=\"twitter:label1\" content=\"Est. reading time\" \/>\n\t<meta name=\"twitter:data1\" content=\"2 minutes\" \/>\n<script type=\"application\/ld+json\" class=\"yoast-schema-graph\">{\"@context\":\"https:\/\/schema.org\",\"@graph\":[{\"@type\":\"WebPage\",\"@id\":\"https:\/\/konobamarul.hr\/en\/news\/\",\"url\":\"https:\/\/konobamarul.hr\/en\/news\/\",\"name\":\"News - Restaurant Split - The best tavern in Split - Tavern Marul\",\"isPartOf\":{\"@id\":\"https:\/\/konobamarul.hr\/en\/#website\"},\"datePublished\":\"2022-07-21T01:57:09+00:00\",\"dateModified\":\"2024-03-18T10:04:02+00:00\",\"description\":\"Follow the news about our tavern, food offers, and events on the Marul Tavern website. Traditional Dalmatian dishes. Restaurant in Split.\",\"breadcrumb\":{\"@id\":\"https:\/\/konobamarul.hr\/en\/news\/#breadcrumb\"},\"inLanguage\":\"en-US\",\"potentialAction\":[{\"@type\":\"ReadAction\",\"target\":[\"https:\/\/konobamarul.hr\/en\/news\/\"]}]},{\"@type\":\"BreadcrumbList\",\"@id\":\"https:\/\/konobamarul.hr\/en\/news\/#breadcrumb\",\"itemListElement\":[{\"@type\":\"ListItem\",\"position\":1,\"name\":\"Home\",\"item\":\"https:\/\/konobamarul.hr\/en\/\"},{\"@type\":\"ListItem\",\"position\":2,\"name\":\"News\"}]},{\"@type\":\"WebSite\",\"@id\":\"https:\/\/konobamarul.hr\/en\/#website\",\"url\":\"https:\/\/konobamarul.hr\/en\/\",\"name\":\"Konoba Marul\",\"description\":\"The best Dalmatian food in Split!\",\"publisher\":{\"@id\":\"https:\/\/konobamarul.hr\/en\/#organization\"},\"potentialAction\":[{\"@type\":\"SearchAction\",\"target\":{\"@type\":\"EntryPoint\",\"urlTemplate\":\"https:\/\/konobamarul.hr\/en\/?s={search_term_string}\"},\"query-input\":\"required name=search_term_string\"}],\"inLanguage\":\"en-US\"},{\"@type\":\"Organization\",\"@id\":\"https:\/\/konobamarul.hr\/en\/#organization\",\"name\":\"Konoba Marul\",\"url\":\"https:\/\/konobamarul.hr\/en\/\",\"logo\":{\"@type\":\"ImageObject\",\"inLanguage\":\"en-US\",\"@id\":\"https:\/\/konobamarul.hr\/en\/#\/schema\/logo\/image\/\",\"url\":\"https:\/\/konobamarul.hr\/wp-content\/uploads\/2024\/01\/marul-web-icon.png\",\"contentUrl\":\"https:\/\/konobamarul.hr\/wp-content\/uploads\/2024\/01\/marul-web-icon.png\",\"width\":513,\"height\":512,\"caption\":\"Konoba Marul\"},\"image\":{\"@id\":\"https:\/\/konobamarul.hr\/en\/#\/schema\/logo\/image\/\"},\"sameAs\":[\"https:\/\/www.facebook.com\/MarulKonoba\",\"https:\/\/www.instagram.com\/marulkonoba\/\",\"https:\/\/www.tripadvisor.com\/Restaurant_Review-g295370-d1553501-Reviews-Konoba_Marul-Split_Split_Dalmatia_County_Dalmatia.html\"]}]}<\/script>\n<!-- \/ Yoast SEO plugin. -->","yoast_head_json":{"title":"News - Restaurant Split - The best tavern in Split - Tavern Marul","description":"Follow the news about our tavern, food offers, and events on the Marul Tavern website. Traditional Dalmatian dishes. Restaurant in Split.","robots":{"index":"index","follow":"follow","max-snippet":"max-snippet:-1","max-image-preview":"max-image-preview:large","max-video-preview":"max-video-preview:-1"},"canonical":"https:\/\/konobamarul.hr\/en\/news\/","og_locale":"en_US","og_type":"article","og_title":"News - Restaurant Split - The best tavern in Split - Tavern Marul","og_description":"Follow the news about our tavern, food offers, and events on the Marul Tavern website. Traditional Dalmatian dishes. Restaurant in Split.","og_url":"https:\/\/konobamarul.hr\/en\/news\/","og_site_name":"Tavern Marul","article_publisher":"https:\/\/www.facebook.com\/MarulKonoba","article_modified_time":"2024-03-18T10:04:02+00:00","og_image":[{"url":"https:\/\/konobamarul.hr\/wp-content\/uploads\/2024\/01\/Tradicionalna-dalmatinska-jela-konoba-Marul-Split-780x520.jpg"}],"twitter_card":"summary_large_image","twitter_misc":{"Est. reading time":"2 minutes"},"schema":{"@context":"https:\/\/schema.org","@graph":[{"@type":"WebPage","@id":"https:\/\/konobamarul.hr\/en\/news\/","url":"https:\/\/konobamarul.hr\/en\/news\/","name":"News - Restaurant Split - The best tavern in Split - Tavern Marul","isPartOf":{"@id":"https:\/\/konobamarul.hr\/en\/#website"},"datePublished":"2022-07-21T01:57:09+00:00","dateModified":"2024-03-18T10:04:02+00:00","description":"Follow the news about our tavern, food offers, and events on the Marul Tavern website. Traditional Dalmatian dishes. Restaurant in Split.","breadcrumb":{"@id":"https:\/\/konobamarul.hr\/en\/news\/#breadcrumb"},"inLanguage":"en-US","potentialAction":[{"@type":"ReadAction","target":["https:\/\/konobamarul.hr\/en\/news\/"]}]},{"@type":"BreadcrumbList","@id":"https:\/\/konobamarul.hr\/en\/news\/#breadcrumb","itemListElement":[{"@type":"ListItem","position":1,"name":"Home","item":"https:\/\/konobamarul.hr\/en\/"},{"@type":"ListItem","position":2,"name":"News"}]},{"@type":"WebSite","@id":"https:\/\/konobamarul.hr\/en\/#website","url":"https:\/\/konobamarul.hr\/en\/","name":"Konoba Marul","description":"The best Dalmatian food in Split!","publisher":{"@id":"https:\/\/konobamarul.hr\/en\/#organization"},"potentialAction":[{"@type":"SearchAction","target":{"@type":"EntryPoint","urlTemplate":"https:\/\/konobamarul.hr\/en\/?s={search_term_string}"},"query-input":"required name=search_term_string"}],"inLanguage":"en-US"},{"@type":"Organization","@id":"https:\/\/konobamarul.hr\/en\/#organization","name":"Konoba Marul","url":"https:\/\/konobamarul.hr\/en\/","logo":{"@type":"ImageObject","inLanguage":"en-US","@id":"https:\/\/konobamarul.hr\/en\/#\/schema\/logo\/image\/","url":"https:\/\/konobamarul.hr\/wp-content\/uploads\/2024\/01\/marul-web-icon.png","contentUrl":"https:\/\/konobamarul.hr\/wp-content\/uploads\/2024\/01\/marul-web-icon.png","width":513,"height":512,"caption":"Konoba Marul"},"image":{"@id":"https:\/\/konobamarul.hr\/en\/#\/schema\/logo\/image\/"},"sameAs":["https:\/\/www.facebook.com\/MarulKonoba","https:\/\/www.instagram.com\/marulkonoba\/","https:\/\/www.tripadvisor.com\/Restaurant_Review-g295370-d1553501-Reviews-Konoba_Marul-Split_Split_Dalmatia_County_Dalmatia.html"]}]}},"_links":{"self":[{"href":"https:\/\/konobamarul.hr\/en\/wp-json\/wp\/v2\/pages\/1714","targetHints":{"allow":["GET"]}}],"collection":[{"href":"https:\/\/konobamarul.hr\/en\/wp-json\/wp\/v2\/pages"}],"about":[{"href":"https:\/\/konobamarul.hr\/en\/wp-json\/wp\/v2\/types\/page"}],"author":[{"embeddable":true,"href":"https:\/\/konobamarul.hr\/en\/wp-json\/wp\/v2\/users\/1"}],"replies":[{"embeddable":true,"href":"https:\/\/konobamarul.hr\/en\/wp-json\/wp\/v2\/comments?post=1714"}],"version-history":[{"count":2,"href":"https:\/\/konobamarul.hr\/en\/wp-json\/wp\/v2\/pages\/1714\/revisions"}],"predecessor-version":[{"id":1722,"href":"https:\/\/konobamarul.hr\/en\/wp-json\/wp\/v2\/pages\/1714\/revisions\/1722"}],"wp:attachment":[{"href":"https:\/\/konobamarul.hr\/en\/wp-json\/wp\/v2\/media?parent=1714"}],"curies":[{"name":"wp","href":"https:\/\/api.w.org\/{rel}","templated":true}]}}