{"id":1716,"date":"2022-07-21T03:55:02","date_gmt":"2022-07-21T01:55:02","guid":{"rendered":"https:\/\/konobamarul.hr\/contact\/"},"modified":"2024-05-02T11:07:31","modified_gmt":"2024-05-02T09:07:31","slug":"contact","status":"publish","type":"page","link":"https:\/\/konobamarul.hr\/en\/contact\/","title":{"rendered":"Contact"},"content":{"rendered":"\t\t<div data-elementor-type=\"wp-page\" data-elementor-id=\"1716\" class=\"elementor elementor-1716 elementor-19\">\n\t\t\t\t\t\t<section class=\"elementor-section elementor-top-section elementor-element elementor-element-a7d6089 pt-section-content-fullwidth pt-parallax-on-scroll pt_scroll_y_180 elementor-section-boxed elementor-section-height-default elementor-section-height-default\" data-id=\"a7d6089\" data-element_type=\"section\" data-settings=\"{&quot;background_background&quot;:&quot;classic&quot;}\" data-pt-parallax-y=\"180\" style=\"background-image: none;\" data-pt-background-image=\"https:\/\/konobamarul.hr\/wp-content\/uploads\/2024\/01\/konoba-marul-kontakt.webp\">\n\t\t\t\t\t\t\t<div class=\"elementor-background-overlay\"><\/div>\n\t\t\t\t\t\t\t<div class=\"elementor-container elementor-column-gap-no\">\n\t\t\t\t\t<div class=\"elementor-column elementor-col-100 elementor-top-column elementor-element elementor-element-fb0901e\" data-id=\"fb0901e\" data-element_type=\"column\">\n\t\t\t<div class=\"elementor-widget-wrap elementor-element-populated\">\n\t\t\t\t\t\t<div class=\"elementor-element elementor-element-8a6ce14 elementor-widget elementor-widget-pt_title\" data-id=\"8a6ce14\" data-element_type=\"widget\" data-widget_type=\"pt_title.default\">\n\t\t\t\t<div class=\"elementor-widget-container\">\n\t\t\t\n        <div class=\"pt-title-wrap text-center\">\t            <h1 class=\"pt-title\">\n\t                Contact\t            <\/h1>\t            <div class=\"pt-title-text\">\n\t                <h2> <\/h2>\n\t            <\/div>        <\/div>\t\t<\/div>\n\t\t\t\t<\/div>\n\t\t\t\t<section class=\"elementor-section elementor-inner-section elementor-element elementor-element-15e6999 elementor-section-boxed elementor-section-height-default elementor-section-height-default\" data-id=\"15e6999\" data-element_type=\"section\">\n\t\t\t\t\t\t<div class=\"elementor-container elementor-column-gap-no\">\n\t\t\t\t\t<div class=\"elementor-column elementor-col-100 elementor-inner-column elementor-element elementor-element-17e4062\" data-id=\"17e4062\" data-element_type=\"column\">\n\t\t\t<div class=\"elementor-widget-wrap elementor-element-populated\">\n\t\t\t\t\t\t<div class=\"elementor-element elementor-element-9762b2f elementor-widget__width-auto elementor-view-default elementor-widget elementor-widget-icon\" data-id=\"9762b2f\" data-element_type=\"widget\" data-widget_type=\"icon.default\">\n\t\t\t\t<div class=\"elementor-widget-container\">\n\t\t\t\t\t<div class=\"elementor-icon-wrapper\">\n\t\t\t<div class=\"elementor-icon\">\n\t\t\t<svg aria-hidden=\"true\" class=\"e-font-icon-svg e-fas-star\" viewBox=\"0 0 576 512\" xmlns=\"http:\/\/www.w3.org\/2000\/svg\"><path d=\"M259.3 17.8L194 150.2 47.9 171.5c-26.2 3.8-36.7 36.1-17.7 54.6l105.7 103-25 145.5c-4.5 26.3 23.2 46 46.4 33.7L288 439.6l130.7 68.7c23.2 12.2 50.9-7.4 46.4-33.7l-25-145.5 105.7-103c19-18.5 8.5-50.8-17.7-54.6L382 150.2 316.7 17.8c-11.7-23.6-45.6-23.9-57.4 0z\"><\/path><\/svg>\t\t\t<\/div>\n\t\t<\/div>\n\t\t\t\t<\/div>\n\t\t\t\t<\/div>\n\t\t\t\t<div class=\"elementor-element elementor-element-a911a47 elementor-widget__width-auto elementor-view-default elementor-widget elementor-widget-icon\" data-id=\"a911a47\" data-element_type=\"widget\" data-widget_type=\"icon.default\">\n\t\t\t\t<div class=\"elementor-widget-container\">\n\t\t\t\t\t<div class=\"elementor-icon-wrapper\">\n\t\t\t<div class=\"elementor-icon\">\n\t\t\t<svg aria-hidden=\"true\" class=\"e-font-icon-svg e-fas-star\" viewBox=\"0 0 576 512\" xmlns=\"http:\/\/www.w3.org\/2000\/svg\"><path d=\"M259.3 17.8L194 150.2 47.9 171.5c-26.2 3.8-36.7 36.1-17.7 54.6l105.7 103-25 145.5c-4.5 26.3 23.2 46 46.4 33.7L288 439.6l130.7 68.7c23.2 12.2 50.9-7.4 46.4-33.7l-25-145.5 105.7-103c19-18.5 8.5-50.8-17.7-54.6L382 150.2 316.7 17.8c-11.7-23.6-45.6-23.9-57.4 0z\"><\/path><\/svg>\t\t\t<\/div>\n\t\t<\/div>\n\t\t\t\t<\/div>\n\t\t\t\t<\/div>\n\t\t\t\t<div class=\"elementor-element elementor-element-c53c484 elementor-widget__width-auto elementor-view-default elementor-widget elementor-widget-icon\" data-id=\"c53c484\" data-element_type=\"widget\" data-widget_type=\"icon.default\">\n\t\t\t\t<div class=\"elementor-widget-container\">\n\t\t\t\t\t<div class=\"elementor-icon-wrapper\">\n\t\t\t<div class=\"elementor-icon\">\n\t\t\t<svg aria-hidden=\"true\" class=\"e-font-icon-svg e-fas-star\" viewBox=\"0 0 576 512\" xmlns=\"http:\/\/www.w3.org\/2000\/svg\"><path d=\"M259.3 17.8L194 150.2 47.9 171.5c-26.2 3.8-36.7 36.1-17.7 54.6l105.7 103-25 145.5c-4.5 26.3 23.2 46 46.4 33.7L288 439.6l130.7 68.7c23.2 12.2 50.9-7.4 46.4-33.7l-25-145.5 105.7-103c19-18.5 8.5-50.8-17.7-54.6L382 150.2 316.7 17.8c-11.7-23.6-45.6-23.9-57.4 0z\"><\/path><\/svg>\t\t\t<\/div>\n\t\t<\/div>\n\t\t\t\t<\/div>\n\t\t\t\t<\/div>\n\t\t\t\t\t<\/div>\n\t\t<\/div>\n\t\t\t\t\t<\/div>\n\t\t<\/section>\n\t\t\t\t<div class=\"elementor-element elementor-element-92a290f elementor-widget elementor-widget-pt_title\" data-id=\"92a290f\" data-element_type=\"widget\" data-widget_type=\"pt_title.default\">\n\t\t\t\t<div class=\"elementor-widget-container\">\n\t\t\t\n        <div class=\"pt-title-wrap text-center\">\t            <div class=\"pt-title-text\">\n\t                <p>Reserve your place!<\/p>\n\t            <\/div>        <\/div>\t\t<\/div>\n\t\t\t\t<\/div>\n\t\t\t\t\t<\/div>\n\t\t<\/div>\n\t\t\t\t\t<\/div>\n\t\t<\/section>\n\t\t\t\t<section class=\"elementor-section elementor-top-section elementor-element elementor-element-70f99f9 elementor-section-boxed elementor-section-height-default elementor-section-height-default\" data-id=\"70f99f9\" data-element_type=\"section\">\n\t\t\t\t\t\t<div class=\"elementor-container elementor-column-gap-no\">\n\t\t\t\t\t<div class=\"elementor-column elementor-col-100 elementor-top-column elementor-element elementor-element-24d0820\" data-id=\"24d0820\" data-element_type=\"column\">\n\t\t\t<div class=\"elementor-widget-wrap elementor-element-populated\">\n\t\t\t\t\t\t<section class=\"elementor-section elementor-inner-section elementor-element elementor-element-2264e8b elementor-section-boxed elementor-section-height-default elementor-section-height-default\" data-id=\"2264e8b\" data-element_type=\"section\">\n\t\t\t\t\t\t<div class=\"elementor-container elementor-column-gap-no\">\n\t\t\t\t\t<div class=\"elementor-column elementor-col-50 elementor-inner-column elementor-element elementor-element-a4e948b\" data-id=\"a4e948b\" data-element_type=\"column\">\n\t\t\t<div class=\"elementor-widget-wrap elementor-element-populated\">\n\t\t\t\t\t\t<div class=\"elementor-element elementor-element-fbf2c40 elementor-widget elementor-widget-pt_title\" data-id=\"fbf2c40\" data-element_type=\"widget\" data-widget_type=\"pt_title.default\">\n\t\t\t\t<div class=\"elementor-widget-container\">\n\t\t\t\n        <div class=\"pt-title-wrap\">\t            <h6 class=\"pt-title color-primary\">\n\t                Address\t            <\/h6>\t            <div class=\"pt-title-text\">\n\t                <p><a href=\"https:\/\/maps.app.goo.gl\/rNsN22nPzpnvokEVA\">Trg Bra\u0107e Radi\u0107 2<br \/>21000 Split<br \/>Croatia<\/a><\/p>\n\t            <\/div>        <\/div>\t\t<\/div>\n\t\t\t\t<\/div>\n\t\t\t\t\t<\/div>\n\t\t<\/div>\n\t\t\t\t<div class=\"elementor-column elementor-col-50 elementor-inner-column elementor-element elementor-element-888b285\" data-id=\"888b285\" data-element_type=\"column\">\n\t\t\t<div class=\"elementor-widget-wrap elementor-element-populated\">\n\t\t\t\t\t\t<div class=\"elementor-element elementor-element-0d764fd elementor-widget elementor-widget-pt_title\" data-id=\"0d764fd\" data-element_type=\"widget\" data-widget_type=\"pt_title.default\">\n\t\t\t\t<div class=\"elementor-widget-container\">\n\t\t\t\n        <div class=\"pt-title-wrap\">\t            <h6 class=\"pt-title color-primary\">\n\t                RESERVATIONS\t            <\/h6>\t            <div class=\"pt-title-text\">\n\t                <p><a href=\"tel:+38521339068\">+385 21 339 068<\/a><br \/><a href=\"mailto:marul.rezervacije@gmail.com\">marul.rezervacije@gmail.com<\/a><\/p>\n\t            <\/div>        <\/div>\t\t<\/div>\n\t\t\t\t<\/div>\n\t\t\t\t\t<\/div>\n\t\t<\/div>\n\t\t\t\t\t<\/div>\n\t\t<\/section>\n\t\t\t\t<section class=\"elementor-section elementor-inner-section elementor-element elementor-element-6e230e8 elementor-section-boxed elementor-section-height-default elementor-section-height-default\" data-id=\"6e230e8\" data-element_type=\"section\">\n\t\t\t\t\t\t<div class=\"elementor-container elementor-column-gap-no\">\n\t\t\t\t\t<div class=\"elementor-column elementor-col-100 elementor-inner-column elementor-element elementor-element-c0a7588\" data-id=\"c0a7588\" data-element_type=\"column\">\n\t\t\t<div class=\"elementor-widget-wrap elementor-element-populated\">\n\t\t\t\t\t\t<div class=\"elementor-element elementor-element-f316dc7 elementor-widget elementor-widget-pt_title\" data-id=\"f316dc7\" data-element_type=\"widget\" data-widget_type=\"pt_title.default\">\n\t\t\t\t<div class=\"elementor-widget-container\">\n\t\t\t\n        <div class=\"pt-title-wrap\">\t            <h6 class=\"pt-title color-primary\">\n\t                Working hours\t            <\/h6>\t            <div class=\"pt-title-text\">\n\t                <p>Monday &#8211; Sunday: 8:00 &#8211; 0:00<\/p>\n\t            <\/div>        <\/div>\t\t<\/div>\n\t\t\t\t<\/div>\n\t\t\t\t\t<\/div>\n\t\t<\/div>\n\t\t\t\t\t<\/div>\n\t\t<\/section>\n\t\t\t\t\t<\/div>\n\t\t<\/div>\n\t\t\t\t\t<\/div>\n\t\t<\/section>\n\t\t\t\t<section class=\"elementor-section elementor-top-section elementor-element elementor-element-5d050e4 elementor-section-content-middle elementor-section-boxed elementor-section-height-default elementor-section-height-default\" data-id=\"5d050e4\" data-element_type=\"section\">\n\t\t\t\t\t\t<div class=\"elementor-container elementor-column-gap-no\">\n\t\t\t\t\t<div class=\"elementor-column elementor-col-50 elementor-top-column elementor-element elementor-element-a56566b\" data-id=\"a56566b\" data-element_type=\"column\">\n\t\t\t<div class=\"elementor-widget-wrap elementor-element-populated\">\n\t\t\t\t\t\t<div class=\"elementor-element elementor-element-c9619d0 elementor-widget elementor-widget-osm-map-elementor\" data-id=\"c9619d0\" data-element_type=\"widget\" data-widget_type=\"osm-map-elementor.default\">\n\t\t\t\t<div class=\"elementor-widget-container\">\n\t\t\t<div id=\"osm-map-c9619d0\" \n        class=\"osm-map-container\" \n        data-center=\"43.50821,16.43818\"><\/div>        <script type=\"text\/javascript\">\n                    <\/script>\n        \t\t<\/div>\n\t\t\t\t<\/div>\n\t\t\t\t\t<\/div>\n\t\t<\/div>\n\t\t\t\t<div class=\"elementor-column elementor-col-50 elementor-top-column elementor-element elementor-element-031301f\" data-id=\"031301f\" data-element_type=\"column\">\n\t\t\t<div class=\"elementor-widget-wrap elementor-element-populated\">\n\t\t\t\t\t\t<div class=\"elementor-element elementor-element-f196bfe elementor-widget elementor-widget-pt_title\" data-id=\"f196bfe\" data-element_type=\"widget\" data-widget_type=\"pt_title.default\">\n\t\t\t\t<div class=\"elementor-widget-container\">\n\t\t\t\n        <div class=\"pt-title-wrap\">\t            <h3 class=\"pt-title\">\n\t                Contact us:\t            <\/h3>        <\/div>\t\t<\/div>\n\t\t\t\t<\/div>\n\t\t\t\t<div class=\"elementor-element elementor-element-0098a8b elementor-widget elementor-widget-pt_form_cf7\" data-id=\"0098a8b\" data-element_type=\"widget\" data-widget_type=\"pt_form_cf7.default\">\n\t\t\t\t<div class=\"elementor-widget-container\">\n\t\t\t            <div class=\"pt-form-cf7 placeholder-normal\">\n                <div class=\"pt-form-cf7-wrap\">\n<div class=\"wpcf7 no-js\" id=\"wpcf7-f1737-o1\" lang=\"en-US\" dir=\"ltr\">\n<div class=\"screen-reader-response\"><p role=\"status\" aria-live=\"polite\" aria-atomic=\"true\"><\/p> <ul><\/ul><\/div>\n<form action=\"\/en\/wp-json\/wp\/v2\/pages\/1716#wpcf7-f1737-o1\" method=\"post\" class=\"wpcf7-form init\" aria-label=\"Contact form\" novalidate=\"novalidate\" data-status=\"init\">\n<div style=\"display: none;\">\n<input type=\"hidden\" name=\"_wpcf7\" value=\"1737\" \/>\n<input type=\"hidden\" name=\"_wpcf7_version\" value=\"5.9\" \/>\n<input type=\"hidden\" name=\"_wpcf7_locale\" value=\"en_US\" \/>\n<input type=\"hidden\" name=\"_wpcf7_unit_tag\" value=\"wpcf7-f1737-o1\" \/>\n<input type=\"hidden\" name=\"_wpcf7_container_post\" value=\"0\" \/>\n<input type=\"hidden\" name=\"_wpcf7_posted_data_hash\" value=\"\" \/>\n<input type=\"hidden\" name=\"_wpcf7cf_hidden_group_fields\" value=\"[]\" \/>\n<input type=\"hidden\" name=\"_wpcf7cf_hidden_groups\" value=\"[]\" \/>\n<input type=\"hidden\" name=\"_wpcf7cf_visible_groups\" value=\"[]\" \/>\n<input type=\"hidden\" name=\"_wpcf7cf_repeaters\" value=\"[]\" \/>\n<input type=\"hidden\" name=\"_wpcf7cf_steps\" value=\"{}\" \/>\n<input type=\"hidden\" name=\"_wpcf7cf_options\" value=\"{&quot;form_id&quot;:1737,&quot;conditions&quot;:[],&quot;settings&quot;:{&quot;animation&quot;:&quot;yes&quot;,&quot;animation_intime&quot;:200,&quot;animation_outtime&quot;:200,&quot;conditions_ui&quot;:&quot;normal&quot;,&quot;notice_dismissed&quot;:false,&quot;notice_dismissed_rollback-cf7-5.8.7&quot;:true}}\" \/>\n<\/div>\n<p><label> Your name<br \/>\n<span class=\"wpcf7-form-control-wrap\" data-name=\"your-name\"><input size=\"40\" class=\"wpcf7-form-control wpcf7-text wpcf7-validates-as-required\" autocomplete=\"name\" aria-required=\"true\" aria-invalid=\"false\" value=\"\" type=\"text\" name=\"your-name\" \/><\/span> <\/label>\n<\/p>\n<p><label> Your e-mail<br \/>\n<span class=\"wpcf7-form-control-wrap\" data-name=\"your-email\"><input size=\"40\" class=\"wpcf7-form-control wpcf7-email wpcf7-validates-as-required wpcf7-text wpcf7-validates-as-email\" autocomplete=\"email\" aria-required=\"true\" aria-invalid=\"false\" value=\"\" type=\"email\" name=\"your-email\" \/><\/span> <\/label>\n<\/p>\n<p><label> Phone<br \/>\n<span class=\"wpcf7-form-control-wrap\" data-name=\"telefon\"><input size=\"40\" class=\"wpcf7-form-control wpcf7-text wpcf7-validates-as-required\" aria-required=\"true\" aria-invalid=\"false\" value=\"\" type=\"text\" name=\"telefon\" \/><\/span><\/label>\n<\/p>\n<p><label> Your message<br \/>\n<span class=\"wpcf7-form-control-wrap\" data-name=\"your-message\"><textarea cols=\"40\" rows=\"10\" class=\"wpcf7-form-control wpcf7-textarea\" aria-invalid=\"false\" name=\"your-message\"><\/textarea><\/span> <\/label>\n<\/p>\n<p><input class=\"wpcf7-form-control wpcf7-submit has-spinner\" type=\"submit\" value=\"Send\" \/>\n<\/p><div class=\"wpcf7-response-output\" aria-hidden=\"true\"><\/div>\n<\/form>\n<\/div>\n<\/div>\n            <\/div>\t\t<\/div>\n\t\t\t\t<\/div>\n\t\t\t\t\t<\/div>\n\t\t<\/div>\n\t\t\t\t\t<\/div>\n\t\t<\/section>\n\t\t\t\t<section class=\"elementor-section elementor-top-section elementor-element elementor-element-754e9d0 elementor-section-boxed elementor-section-height-default elementor-section-height-default\" data-id=\"754e9d0\" data-element_type=\"section\">\n\t\t\t\t\t\t<div class=\"elementor-container elementor-column-gap-default\">\n\t\t\t\t\t<div class=\"elementor-column elementor-col-100 elementor-top-column elementor-element elementor-element-724cb6b\" data-id=\"724cb6b\" data-element_type=\"column\">\n\t\t\t<div class=\"elementor-widget-wrap elementor-element-populated\">\n\t\t\t\t\t\t<div class=\"elementor-element elementor-element-5b66191 elementor-widget elementor-widget-pt_title\" data-id=\"5b66191\" data-element_type=\"widget\" data-widget_type=\"pt_title.default\">\n\t\t\t\t<div class=\"elementor-widget-container\">\n\t\t\t\n        <div class=\"pt-title-wrap text-center\">\t            <div class=\"pt-subtitle-wrap\"><span class=\"pt-subtitle\">Discover traditional Dalmatian cuisine<\/span><\/div>\t            <h3 class=\"pt-title\">\n\t                Explore our menu\t            <\/h3>        <\/div>\t\t<\/div>\n\t\t\t\t<\/div>\n\t\t\t\t\t<\/div>\n\t\t<\/div>\n\t\t\t\t\t<\/div>\n\t\t<\/section>\n\t\t\t\t<\/div>\n\t\t","protected":false},"excerpt":{"rendered":"<p>Contact Reserve your place! Address Trg Bra\u0107e Radi\u0107 221000 SplitCroatia RESERVATIONS +385 21 339 068info.marul@gmail.com Working hours Monday &#8211; Sunday: 8:00 &#8211; 0:00 Contact us: Va\u0161e ime Va\u0161a e-po\u0161ta Telefon Va\u0161a poruka Discover traditional Dalmatian cuisine Explore our menu<\/p>\n","protected":false},"author":1,"featured_media":0,"parent":0,"menu_order":0,"comment_status":"closed","ping_status":"closed","template":"template-wide-content.php","meta":{"patiotime_single_page_hide_site_header":"","patiotime_single_page_site_header_source":"","patiotime_single_page_custom_site_header":"0","patiotime_single_page_custom_sticky_site_header":"0","patiotime_single_page_hide_page_title":"on","patiotime_single_page_header_section_size":"","patiotime_single_page_header_background_color":"","patiotime_single_page_header_background_position_x":"center","patiotime_single_page_header_background_position_y":"center","patiotime_single_page_header_background_size":"cover","patiotime_single_page_header_background_repeat":"off","patiotime_single_page_header_background_scroll":"on","patiotime_single_page_header_text_color":"","patiotime_single_page_header_show_breadcrumb":"","patiotime_single_page_site_footer_hide_main":"","patiotime_single_custom_site_footer_main_source":"","patiotime_single_custom_site_footer_main":"0","patiotime_single_page_site_footer_hide_above":"","patiotime_single_custom_site_footer_above_source":"","patiotime_single_custom_site_footer_above":"0","patiotime_single_page_site_footer_hide_instagram":"","patiotime_single_page_site_footer_hide_bottom":"","patiotime_single_custom_mobile_menu_source":"","patiotime_single_custom_mobile_menu":"0","patiotime_single_custom_mobile_menu_animation":"","patiotime_single_custom_mobile_menu_width":"","patiotime_single_custom_mobile_menu_custom_width":375,"footnotes":""},"class_list":["post-1716","page","type-page","status-publish","hentry"],"yoast_head":"<!-- This site is optimized with the Yoast SEO plugin v22.1 - https:\/\/yoast.com\/wordpress\/plugins\/seo\/ -->\n<title>Contact Traditional Dalmatian food - Restaurant Split - Tavern Marul<\/title>\n<meta name=\"description\" content=\"Contact us and reserve your place in an authentic Dalmatian tavern. Tradition and delicious food. Restaurant in the center of Split.\" \/>\n<meta name=\"robots\" content=\"index, follow, max-snippet:-1, max-image-preview:large, max-video-preview:-1\" \/>\n<link rel=\"canonical\" href=\"https:\/\/konobamarul.hr\/en\/contact\/\" \/>\n<meta property=\"og:locale\" content=\"en_US\" \/>\n<meta property=\"og:type\" content=\"article\" \/>\n<meta property=\"og:title\" content=\"Contact Traditional Dalmatian food - Restaurant Split - Tavern Marul\" \/>\n<meta property=\"og:description\" content=\"Contact us and reserve your place in an authentic Dalmatian tavern. Tradition and delicious food. Restaurant in the center of Split.\" \/>\n<meta property=\"og:url\" content=\"https:\/\/konobamarul.hr\/en\/contact\/\" \/>\n<meta property=\"og:site_name\" content=\"Tavern Marul\" \/>\n<meta property=\"article:publisher\" content=\"https:\/\/www.facebook.com\/MarulKonoba\" \/>\n<meta property=\"article:modified_time\" content=\"2024-05-02T09:07:31+00:00\" \/>\n<meta name=\"twitter:card\" content=\"summary_large_image\" \/>\n<meta name=\"twitter:label1\" content=\"Est. reading time\" \/>\n\t<meta name=\"twitter:data1\" content=\"1 minute\" \/>\n<script type=\"application\/ld+json\" class=\"yoast-schema-graph\">{\"@context\":\"https:\/\/schema.org\",\"@graph\":[{\"@type\":\"WebPage\",\"@id\":\"https:\/\/konobamarul.hr\/en\/contact\/\",\"url\":\"https:\/\/konobamarul.hr\/en\/contact\/\",\"name\":\"Contact Traditional Dalmatian food - Restaurant Split - Tavern Marul\",\"isPartOf\":{\"@id\":\"https:\/\/konobamarul.hr\/en\/#website\"},\"datePublished\":\"2022-07-21T01:55:02+00:00\",\"dateModified\":\"2024-05-02T09:07:31+00:00\",\"description\":\"Contact us and reserve your place in an authentic Dalmatian tavern. Tradition and delicious food. Restaurant in the center of Split.\",\"breadcrumb\":{\"@id\":\"https:\/\/konobamarul.hr\/en\/contact\/#breadcrumb\"},\"inLanguage\":\"en-US\",\"potentialAction\":[{\"@type\":\"ReadAction\",\"target\":[\"https:\/\/konobamarul.hr\/en\/contact\/\"]}]},{\"@type\":\"BreadcrumbList\",\"@id\":\"https:\/\/konobamarul.hr\/en\/contact\/#breadcrumb\",\"itemListElement\":[{\"@type\":\"ListItem\",\"position\":1,\"name\":\"Home\",\"item\":\"https:\/\/konobamarul.hr\/en\/\"},{\"@type\":\"ListItem\",\"position\":2,\"name\":\"Contact\"}]},{\"@type\":\"WebSite\",\"@id\":\"https:\/\/konobamarul.hr\/en\/#website\",\"url\":\"https:\/\/konobamarul.hr\/en\/\",\"name\":\"Konoba Marul\",\"description\":\"The best Dalmatian food in Split!\",\"publisher\":{\"@id\":\"https:\/\/konobamarul.hr\/en\/#organization\"},\"potentialAction\":[{\"@type\":\"SearchAction\",\"target\":{\"@type\":\"EntryPoint\",\"urlTemplate\":\"https:\/\/konobamarul.hr\/en\/?s={search_term_string}\"},\"query-input\":\"required name=search_term_string\"}],\"inLanguage\":\"en-US\"},{\"@type\":\"Organization\",\"@id\":\"https:\/\/konobamarul.hr\/en\/#organization\",\"name\":\"Konoba Marul\",\"url\":\"https:\/\/konobamarul.hr\/en\/\",\"logo\":{\"@type\":\"ImageObject\",\"inLanguage\":\"en-US\",\"@id\":\"https:\/\/konobamarul.hr\/en\/#\/schema\/logo\/image\/\",\"url\":\"https:\/\/konobamarul.hr\/wp-content\/uploads\/2024\/01\/marul-web-icon.png\",\"contentUrl\":\"https:\/\/konobamarul.hr\/wp-content\/uploads\/2024\/01\/marul-web-icon.png\",\"width\":513,\"height\":512,\"caption\":\"Konoba Marul\"},\"image\":{\"@id\":\"https:\/\/konobamarul.hr\/en\/#\/schema\/logo\/image\/\"},\"sameAs\":[\"https:\/\/www.facebook.com\/MarulKonoba\",\"https:\/\/www.instagram.com\/marulkonoba\/\",\"https:\/\/www.tripadvisor.com\/Restaurant_Review-g295370-d1553501-Reviews-Konoba_Marul-Split_Split_Dalmatia_County_Dalmatia.html\"]}]}<\/script>\n<!-- \/ Yoast SEO plugin. -->","yoast_head_json":{"title":"Contact Traditional Dalmatian food - Restaurant Split - Tavern Marul","description":"Contact us and reserve your place in an authentic Dalmatian tavern. Tradition and delicious food. Restaurant in the center of Split.","robots":{"index":"index","follow":"follow","max-snippet":"max-snippet:-1","max-image-preview":"max-image-preview:large","max-video-preview":"max-video-preview:-1"},"canonical":"https:\/\/konobamarul.hr\/en\/contact\/","og_locale":"en_US","og_type":"article","og_title":"Contact Traditional Dalmatian food - Restaurant Split - Tavern Marul","og_description":"Contact us and reserve your place in an authentic Dalmatian tavern. Tradition and delicious food. Restaurant in the center of Split.","og_url":"https:\/\/konobamarul.hr\/en\/contact\/","og_site_name":"Tavern Marul","article_publisher":"https:\/\/www.facebook.com\/MarulKonoba","article_modified_time":"2024-05-02T09:07:31+00:00","twitter_card":"summary_large_image","twitter_misc":{"Est. reading time":"1 minute"},"schema":{"@context":"https:\/\/schema.org","@graph":[{"@type":"WebPage","@id":"https:\/\/konobamarul.hr\/en\/contact\/","url":"https:\/\/konobamarul.hr\/en\/contact\/","name":"Contact Traditional Dalmatian food - Restaurant Split - Tavern Marul","isPartOf":{"@id":"https:\/\/konobamarul.hr\/en\/#website"},"datePublished":"2022-07-21T01:55:02+00:00","dateModified":"2024-05-02T09:07:31+00:00","description":"Contact us and reserve your place in an authentic Dalmatian tavern. Tradition and delicious food. Restaurant in the center of Split.","breadcrumb":{"@id":"https:\/\/konobamarul.hr\/en\/contact\/#breadcrumb"},"inLanguage":"en-US","potentialAction":[{"@type":"ReadAction","target":["https:\/\/konobamarul.hr\/en\/contact\/"]}]},{"@type":"BreadcrumbList","@id":"https:\/\/konobamarul.hr\/en\/contact\/#breadcrumb","itemListElement":[{"@type":"ListItem","position":1,"name":"Home","item":"https:\/\/konobamarul.hr\/en\/"},{"@type":"ListItem","position":2,"name":"Contact"}]},{"@type":"WebSite","@id":"https:\/\/konobamarul.hr\/en\/#website","url":"https:\/\/konobamarul.hr\/en\/","name":"Konoba Marul","description":"The best Dalmatian food in Split!","publisher":{"@id":"https:\/\/konobamarul.hr\/en\/#organization"},"potentialAction":[{"@type":"SearchAction","target":{"@type":"EntryPoint","urlTemplate":"https:\/\/konobamarul.hr\/en\/?s={search_term_string}"},"query-input":"required name=search_term_string"}],"inLanguage":"en-US"},{"@type":"Organization","@id":"https:\/\/konobamarul.hr\/en\/#organization","name":"Konoba Marul","url":"https:\/\/konobamarul.hr\/en\/","logo":{"@type":"ImageObject","inLanguage":"en-US","@id":"https:\/\/konobamarul.hr\/en\/#\/schema\/logo\/image\/","url":"https:\/\/konobamarul.hr\/wp-content\/uploads\/2024\/01\/marul-web-icon.png","contentUrl":"https:\/\/konobamarul.hr\/wp-content\/uploads\/2024\/01\/marul-web-icon.png","width":513,"height":512,"caption":"Konoba Marul"},"image":{"@id":"https:\/\/konobamarul.hr\/en\/#\/schema\/logo\/image\/"},"sameAs":["https:\/\/www.facebook.com\/MarulKonoba","https:\/\/www.instagram.com\/marulkonoba\/","https:\/\/www.tripadvisor.com\/Restaurant_Review-g295370-d1553501-Reviews-Konoba_Marul-Split_Split_Dalmatia_County_Dalmatia.html"]}]}},"_links":{"self":[{"href":"https:\/\/konobamarul.hr\/en\/wp-json\/wp\/v2\/pages\/1716","targetHints":{"allow":["GET"]}}],"collection":[{"href":"https:\/\/konobamarul.hr\/en\/wp-json\/wp\/v2\/pages"}],"about":[{"href":"https:\/\/konobamarul.hr\/en\/wp-json\/wp\/v2\/types\/page"}],"author":[{"embeddable":true,"href":"https:\/\/konobamarul.hr\/en\/wp-json\/wp\/v2\/users\/1"}],"replies":[{"embeddable":true,"href":"https:\/\/konobamarul.hr\/en\/wp-json\/wp\/v2\/comments?post=1716"}],"version-history":[{"count":4,"href":"https:\/\/konobamarul.hr\/en\/wp-json\/wp\/v2\/pages\/1716\/revisions"}],"predecessor-version":[{"id":1762,"href":"https:\/\/konobamarul.hr\/en\/wp-json\/wp\/v2\/pages\/1716\/revisions\/1762"}],"wp:attachment":[{"href":"https:\/\/konobamarul.hr\/en\/wp-json\/wp\/v2\/media?parent=1716"}],"curies":[{"name":"wp","href":"https:\/\/api.w.org\/{rel}","templated":true}]}}